{"id":469,"date":"2023-01-05T13:36:06","date_gmt":"2023-01-05T11:36:06","guid":{"rendered":"http:\/\/quadern-int-int-recursos.azurewebsites.net\/?page_id=469"},"modified":"2023-03-08T13:08:29","modified_gmt":"2023-03-08T11:08:29","slug":"3-3-2-infraestructuras","status":"publish","type":"page","link":"http:\/\/quadern-interaccio-interactivitat.recursos.uoc.edu\/es\/3-3-2-infraestructuras\/","title":{"rendered":"3.3.2. Infraestructuras"},"content":{"rendered":"<p>Si en el apartado 1 habl\u00e1bamos de modelos mentales y de la met\u00e1fora de la nube, podemos decir que en el marco de las infraestructuras encontramos los proyectos que de manera cr\u00edtica abordan el espacio que ocupan los datos y las arquitecturas f\u00edsicas por las cuales transitan las comunicaciones. Es decir, <strong>se\u00f1alan aquello que sostiene f\u00edsicamente el mundo digital<\/strong>. Sabemos que nuestros datos no viajan por el aire, sino que una gran red de cables submarinos y terrestres permite comunicarnos de forma inmediata con alguien al otro lado del planeta. Igualmente, cuando subimos im\u00e1genes o documentos a la nube, en realidad van a recintos con m\u00faltiples servidores, a centros de datos que almacenan nuestros datos y comunicaciones.<\/p>\n<p>Uno de los proyectos alrededor de estas infraestructuras es <em>User generated server destruction<\/em>, de Stefan Tiefengraber. Este trabajo consiste en un espacio web llamado <a href=\"http:\/\/www.usgd.net\" target=\"_blank\" rel=\"noopener\">www.usgd.net<\/a>. Desde esta web, el visitante puede accionar seis martillos que golpean un servidor instalado en el espacio expositivo y que aloja esta misma p\u00e1gina web que est\u00e1 viendo y usando para destruirla. El proyecto se acaba \u2013de hecho, ya se ha acabado\u2013 cuando los usuarios consiguen destruir el servidor que contiene la web. Este proyecto hace tangible la dimensi\u00f3n f\u00edsica donde se acumulan nuestros datos y archivos empleando creativamente la telepresencia, es decir, permite que alguien act\u00fae en un lugar remoto como si estuviera presente.<\/p>\n<p>Aqu\u00ed pod\u00e9is encontrar m\u00e1s informaci\u00f3n del proyecto: <a href=\"http:\/\/www.stefantiefengraber.com\/ugsd.php\" target=\"_blank\" rel=\"noopener\">http:\/\/www.stefantiefengraber.com\/ugsd.php<\/a><\/p>\n<p><iframe loading=\"lazy\" title=\"User Generated Server Destruction - interactive installation - 2013\" width=\"640\" height=\"360\" src=\"https:\/\/www.youtube.com\/embed\/Iy32eLdhHk4?start=17&#038;feature=oembed\" frameborder=\"0\" allow=\"accelerometer; autoplay; clipboard-write; encrypted-media; gyroscope; picture-in-picture; web-share\" referrerpolicy=\"strict-origin-when-cross-origin\" allowfullscreen><\/iframe><\/p>\n<p><a href=\"http:\/\/superglue.it\/\" target=\"_blank\" rel=\"noopener\"><em>Superglue<\/em><\/a> es un proyecto iniciado por el artista Danja Vasiliev que consiste en un peque\u00f1o programa que nos permite editar nuestra propia p\u00e1gina web y guardarla dentro de un router, que se convierte a la vez en servidor. Despu\u00e9s de unas configuraciones en el router y siempre que tengamos el dispositivo con corriente el\u00e9ctrica, nuestra web estar\u00e1 en l\u00ednea. El principal inconveniente es que los routers compatibles ya no se pueden comprar en muchos sitios y el proyecto no ha sido actualizado desde el 2018. Aun as\u00ed, lo que plantea contin\u00faa teniendo vigencia: la posibilidad de reapropiarnos de las herramientas, abrir la puerta a alternativas a las grandes plataformas y fomentar el esp\u00edritu <em>do it yourself<\/em> (\u2018hazlo t\u00fa mismo\u2019) a la hora de crear y acceder a la tecnolog\u00eda.<\/p>\n<p>En sinton\u00eda con estos planteamientos, queremos hablar de <a href=\"https:\/\/azaharacerezo.com\/server.html\" target=\"_blank\" rel=\"noopener\"><em>Mobile server<\/em><\/a> (2020-2021). Se trata de un proyecto de Azahara Cerezo que consiste en una mudanza digital: trasladar los archivos de la p\u00e1gina web de la artista a un peque\u00f1o servidor port\u00e1til con acceso a internet mediante wifi y tarjeta SIM y con conexi\u00f3n a una bater\u00eda y una placa solar que contribuyen a su autonom\u00eda. Con un peque\u00f1o espejo y una c\u00e1mara, el servidor se hace selfies y los muestra en la p\u00e1gina principal de la web, de forma que quien entra (<a href=\"https:\/\/www.azaharacerezo.com\/\" target=\"_blank\" rel=\"noopener\">www.azaharacerezo.com<\/a>) ve parte de los elementos que la sostienen f\u00edsicamente, es decir, que sostienen f\u00edsicamente su trabajo. Con este servidor port\u00e1til pero tangible, la pieza plantea alterar las din\u00e1micas habituales de acceso y almacenamiento de datos en una infraestructura deslocalizada, global y progresivamente privatizada, como es internet.<\/p>\n<p>Este proyecto conecta con una iniciativa m\u00e1s reciente, ATNOFS (<em>A Traversal Network of Feminist Servers<\/em>), un proyecto de colaboraci\u00f3n entre diferentes entidades e iniciativas europeas que quiere repensar la tecnolog\u00eda desde una aproximaci\u00f3n interseccional, feminista y ecol\u00f3gica. Las comunidades que forman parte viajan para compartir y ampliar conocimientos en encuentros presenciales que se documentan usando un peque\u00f1o servidor. Este servidor, denominado <em>Rosa<\/em> (por Rosa Parks), se convierte una herramienta de trabajo, a la vez que sirve para poder hacer m\u00e1s visible y pr\u00f3xima la tarea de programaci\u00f3n y los v\u00ednculos con la tecnolog\u00eda.<\/p>\n","protected":false},"excerpt":{"rendered":"<p>Si en el apartado 1 habl\u00e1bamos de modelos mentales y de la met\u00e1fora de la nube, podemos decir que en el marco de las infraestructuras encontramos los proyectos que de manera cr\u00edtica abordan el espacio que ocupan los datos y las arquitecturas f\u00edsicas por las cuales transitan las comunicaciones. Es decir, se\u00f1alan aquello que sostiene [&hellip;]<\/p>\n","protected":false},"author":2,"featured_media":0,"parent":0,"menu_order":0,"comment_status":"closed","ping_status":"closed","template":"","meta":{"footnotes":""},"class_list":["post-469","page","type-page","status-publish","hentry"],"acf":[],"_links":{"self":[{"href":"http:\/\/quadern-interaccio-interactivitat.recursos.uoc.edu\/es\/wp-json\/wp\/v2\/pages\/469","targetHints":{"allow":["GET"]}}],"collection":[{"href":"http:\/\/quadern-interaccio-interactivitat.recursos.uoc.edu\/es\/wp-json\/wp\/v2\/pages"}],"about":[{"href":"http:\/\/quadern-interaccio-interactivitat.recursos.uoc.edu\/es\/wp-json\/wp\/v2\/types\/page"}],"author":[{"embeddable":true,"href":"http:\/\/quadern-interaccio-interactivitat.recursos.uoc.edu\/es\/wp-json\/wp\/v2\/users\/2"}],"replies":[{"embeddable":true,"href":"http:\/\/quadern-interaccio-interactivitat.recursos.uoc.edu\/es\/wp-json\/wp\/v2\/comments?post=469"}],"version-history":[{"count":4,"href":"http:\/\/quadern-interaccio-interactivitat.recursos.uoc.edu\/es\/wp-json\/wp\/v2\/pages\/469\/revisions"}],"predecessor-version":[{"id":975,"href":"http:\/\/quadern-interaccio-interactivitat.recursos.uoc.edu\/es\/wp-json\/wp\/v2\/pages\/469\/revisions\/975"}],"wp:attachment":[{"href":"http:\/\/quadern-interaccio-interactivitat.recursos.uoc.edu\/es\/wp-json\/wp\/v2\/media?parent=469"}],"curies":[{"name":"wp","href":"https:\/\/api.w.org\/{rel}","templated":true}]}}