{"id":468,"date":"2023-01-05T13:35:20","date_gmt":"2023-01-05T11:35:20","guid":{"rendered":"http:\/\/quadern-int-int-recursos.azurewebsites.net\/?page_id=468"},"modified":"2023-02-23T12:49:09","modified_gmt":"2023-02-23T10:49:09","slug":"3-3-1-introduccion","status":"publish","type":"page","link":"http:\/\/quadern-interaccio-interactivitat.recursos.uoc.edu\/es\/3-3-1-introduccion\/","title":{"rendered":"3.3.1. Introducci\u00f3n"},"content":{"rendered":"<p>A continuaci\u00f3n, nos proponemos acercarnos a proyectos y discursos que abordan <strong>aspectos impl\u00edcitos u ocultos de las interfaces<\/strong> y que a menudo est\u00e1n m\u00e1s vinculadas a las din\u00e1micas que establecemos: desde nuestras relaciones adictivas hasta las consecuencias ambientales de la tecnolog\u00eda. Para facilitar este recorrido, hemos optado por organizar diferentes bloques, dentro de los cuales presentamos trabajos de proyectos art\u00edsticos. En concreto, <strong>hemos agrupado estos escenarios de cr\u00edtica as\u00ed: infraestructuras, efectos clim\u00e1ticos, geopol\u00edtica y vigilancia, adicciones y sesgos<\/strong>.<\/p>\n<figure id=\"attachment_822\" aria-describedby=\"caption-attachment-822\" style=\"width: 676px\" class=\"wp-caption aligncenter\"><img loading=\"lazy\" decoding=\"async\" class=\"wp-image-822 size-full\" src=\"\/wp-content\/uploads\/2023\/02\/PID_00293914_22-1.jpg\" alt=\"\" width=\"676\" height=\"400\" srcset=\"\/wp-content\/uploads\/2023\/02\/PID_00293914_22-1.jpg 676w, \/wp-content\/uploads\/2023\/02\/PID_00293914_22-1-300x178.jpg 300w\" sizes=\"auto, (max-width: 676px) 100vw, 676px\" \/><figcaption id=\"caption-attachment-822\" class=\"wp-caption-text\"><br \/>Figura 21. Aspectos impl\u00edcitos u ocultos de las interfaces<br \/>Fuente: elaboraci\u00f3n propia.<\/figcaption><\/figure>\n","protected":false},"excerpt":{"rendered":"<p>A continuaci\u00f3n, nos proponemos acercarnos a proyectos y discursos que abordan aspectos impl\u00edcitos u ocultos de las interfaces y que a menudo est\u00e1n m\u00e1s vinculadas a las din\u00e1micas que establecemos: desde nuestras relaciones adictivas hasta las consecuencias ambientales de la tecnolog\u00eda. Para facilitar este recorrido, hemos optado por organizar diferentes bloques, dentro de los cuales [&hellip;]<\/p>\n","protected":false},"author":2,"featured_media":0,"parent":0,"menu_order":0,"comment_status":"closed","ping_status":"closed","template":"","meta":{"footnotes":""},"class_list":["post-468","page","type-page","status-publish","hentry"],"acf":[],"_links":{"self":[{"href":"http:\/\/quadern-interaccio-interactivitat.recursos.uoc.edu\/es\/wp-json\/wp\/v2\/pages\/468","targetHints":{"allow":["GET"]}}],"collection":[{"href":"http:\/\/quadern-interaccio-interactivitat.recursos.uoc.edu\/es\/wp-json\/wp\/v2\/pages"}],"about":[{"href":"http:\/\/quadern-interaccio-interactivitat.recursos.uoc.edu\/es\/wp-json\/wp\/v2\/types\/page"}],"author":[{"embeddable":true,"href":"http:\/\/quadern-interaccio-interactivitat.recursos.uoc.edu\/es\/wp-json\/wp\/v2\/users\/2"}],"replies":[{"embeddable":true,"href":"http:\/\/quadern-interaccio-interactivitat.recursos.uoc.edu\/es\/wp-json\/wp\/v2\/comments?post=468"}],"version-history":[{"count":4,"href":"http:\/\/quadern-interaccio-interactivitat.recursos.uoc.edu\/es\/wp-json\/wp\/v2\/pages\/468\/revisions"}],"predecessor-version":[{"id":912,"href":"http:\/\/quadern-interaccio-interactivitat.recursos.uoc.edu\/es\/wp-json\/wp\/v2\/pages\/468\/revisions\/912"}],"wp:attachment":[{"href":"http:\/\/quadern-interaccio-interactivitat.recursos.uoc.edu\/es\/wp-json\/wp\/v2\/media?parent=468"}],"curies":[{"name":"wp","href":"https:\/\/api.w.org\/{rel}","templated":true}]}}